{"id":123,"date":"2026-04-16T09:45:55","date_gmt":"2026-04-16T07:45:55","guid":{"rendered":"https:\/\/alternativ-therapies.ch\/?page_id=123"},"modified":"2026-04-16T14:05:38","modified_gmt":"2026-04-16T12:05:38","slug":"rdv","status":"publish","type":"page","link":"https:\/\/alternativ-therapies.ch\/index.php\/rdv\/","title":{"rendered":"Rendez-Vous"},"content":{"rendered":"\t\t<div data-elementor-type=\"wp-page\" data-elementor-id=\"123\" class=\"elementor elementor-123\">\n\t\t\t\t<div class=\"elementor-element elementor-element-458aa9ab e-con-full animated-fast e-flex elementor-invisible e-con e-parent\" data-id=\"458aa9ab\" data-element_type=\"container\" data-e-type=\"container\" data-settings=\"{&quot;animation&quot;:&quot;fadeIn&quot;}\">\n\t\t\t\t<div class=\"elementor-element elementor-element-da488c5 elementor-widget elementor-widget-heading\" data-id=\"da488c5\" data-element_type=\"widget\" data-e-type=\"widget\" data-widget_type=\"heading.default\">\n\t\t\t\t\t<h3 class=\"elementor-heading-title elementor-size-default\"><p><span style=\"color: #999999\">PRENDRE<\/span> RENDEZ-VOUS<\/p> <\/h3>\t\t\t\t<\/div>\n\t\t\t\t<\/div>\n\t\t<div class=\"elementor-element elementor-element-29cfb13 e-flex e-con-boxed e-con e-parent\" data-id=\"29cfb13\" data-element_type=\"container\" data-e-type=\"container\">\n\t\t\t\t\t<div class=\"e-con-inner\">\n\t\t<div class=\"elementor-element elementor-element-7d14175 e-con-full e-flex e-con e-child\" data-id=\"7d14175\" data-element_type=\"container\" data-e-type=\"container\">\n\t\t\t\t<div class=\"elementor-element elementor-element-7b532ea elementor-widget elementor-widget-image\" data-id=\"7b532ea\" data-element_type=\"widget\" data-e-type=\"widget\" data-widget_type=\"image.default\">\n\t\t\t\t\t\t\t\t\t\t\t\t\t\t\t<img fetchpriority=\"high\" decoding=\"async\" width=\"308\" height=\"231\" src=\"https:\/\/alternativ-therapies.ch\/wp-content\/uploads\/2026\/04\/Female-Hypnotherapy-Patient.avif\" class=\"attachment-medium_large size-medium_large wp-image-88\" alt=\"\" srcset=\"https:\/\/alternativ-therapies.ch\/wp-content\/uploads\/2026\/04\/Female-Hypnotherapy-Patient.avif 308w, https:\/\/alternativ-therapies.ch\/wp-content\/uploads\/2026\/04\/Female-Hypnotherapy-Patient-300x225.avif 300w\" sizes=\"(max-width: 308px) 100vw, 308px\" \/>\t\t\t\t\t\t\t\t\t\t\t\t\t\t\t<\/div>\n\t\t\t\t<\/div>\n\t\t<div class=\"elementor-element elementor-element-b6d0922 e-con-full e-flex e-con e-child\" data-id=\"b6d0922\" data-element_type=\"container\" data-e-type=\"container\">\n\t\t\t\t<div class=\"elementor-element elementor-element-8cb3489 elementor-widget elementor-widget-heading\" data-id=\"8cb3489\" data-element_type=\"widget\" data-e-type=\"widget\" data-widget_type=\"heading.default\">\n\t\t\t\t\t<h3 class=\"elementor-heading-title elementor-size-default\">S\u00e9ance d'hypnose<\/h3>\t\t\t\t<\/div>\n\t\t\t\t<div class=\"elementor-element elementor-element-c833d35 elementor-widget elementor-widget-text-editor\" data-id=\"c833d35\" data-element_type=\"widget\" data-e-type=\"widget\" data-widget_type=\"text-editor.default\">\n\t\t\t\t\t\t\t\t\t<p><span class=\"wixui-rich-text__text\">1h30 min<\/span><\/p>\t\t\t\t\t\t\t\t<\/div>\n\t\t\t\t<div class=\"elementor-element elementor-element-4a38857 elementor-align-center elementor-widget elementor-widget-button\" data-id=\"4a38857\" data-element_type=\"widget\" data-e-type=\"widget\" data-widget_type=\"button.default\">\n\t\t\t\t\t\t\t\t\t\t<a class=\"elementor-button elementor-button-link elementor-size-sm\" href=\"mailto:info@alternativ-therapies.ch\u200b\">\n\t\t\t\t\t\t<span class=\"elementor-button-content-wrapper\">\n\t\t\t\t\t\t\t\t\t<span class=\"elementor-button-text\">Prendre contact<\/span>\n\t\t\t\t\t<\/span>\n\t\t\t\t\t<\/a>\n\t\t\t\t\t\t\t\t<\/div>\n\t\t\t\t<\/div>\n\t\t\t\t\t<\/div>\n\t\t\t\t<\/div>\n\t\t<div class=\"elementor-element elementor-element-71091f8 e-flex e-con-boxed e-con e-parent\" data-id=\"71091f8\" data-element_type=\"container\" data-e-type=\"container\">\n\t\t\t\t\t<div class=\"e-con-inner\">\n\t\t<div class=\"elementor-element elementor-element-75124a2 e-con-full e-flex e-con e-child\" data-id=\"75124a2\" data-element_type=\"container\" data-e-type=\"container\">\n\t\t\t\t<div class=\"elementor-element elementor-element-47ea9a5 elementor-widget elementor-widget-image\" data-id=\"47ea9a5\" data-element_type=\"widget\" data-e-type=\"widget\" data-widget_type=\"image.default\">\n\t\t\t\t\t\t\t\t\t\t\t\t\t\t\t<img decoding=\"async\" width=\"300\" height=\"200\" src=\"https:\/\/alternativ-therapies.ch\/wp-content\/uploads\/2026\/04\/8ecb11_df256e5766f7489e9250eb5bd0503e6dmv2-300x200.jpg\" class=\"attachment-medium size-medium wp-image-80\" alt=\"\" srcset=\"https:\/\/alternativ-therapies.ch\/wp-content\/uploads\/2026\/04\/8ecb11_df256e5766f7489e9250eb5bd0503e6dmv2-300x200.jpg 300w, https:\/\/alternativ-therapies.ch\/wp-content\/uploads\/2026\/04\/8ecb11_df256e5766f7489e9250eb5bd0503e6dmv2-768x512.jpg 768w, https:\/\/alternativ-therapies.ch\/wp-content\/uploads\/2026\/04\/8ecb11_df256e5766f7489e9250eb5bd0503e6dmv2.jpg 862w\" sizes=\"(max-width: 300px) 100vw, 300px\" \/>\t\t\t\t\t\t\t\t\t\t\t\t\t\t\t<\/div>\n\t\t\t\t<\/div>\n\t\t<div class=\"elementor-element elementor-element-eae7075 e-con-full e-flex e-con e-child\" data-id=\"eae7075\" data-element_type=\"container\" data-e-type=\"container\">\n\t\t\t\t<div class=\"elementor-element elementor-element-508f461 elementor-widget elementor-widget-heading\" data-id=\"508f461\" data-element_type=\"widget\" data-e-type=\"widget\" data-widget_type=\"heading.default\">\n\t\t\t\t\t<h3 class=\"elementor-heading-title elementor-size-default\">S\u00e9ance de bior\u00e9sonance<\/h3>\t\t\t\t<\/div>\n\t\t\t\t<div class=\"elementor-element elementor-element-176f899 elementor-widget elementor-widget-text-editor\" data-id=\"176f899\" data-element_type=\"widget\" data-e-type=\"widget\" data-widget_type=\"text-editor.default\">\n\t\t\t\t\t\t\t\t\t<p><span class=\"wixui-rich-text__text\">1h30 min<\/span><\/p>\t\t\t\t\t\t\t\t<\/div>\n\t\t\t\t<div class=\"elementor-element elementor-element-d602e3c elementor-align-center elementor-widget elementor-widget-button\" data-id=\"d602e3c\" data-element_type=\"widget\" data-e-type=\"widget\" data-widget_type=\"button.default\">\n\t\t\t\t\t\t\t\t\t\t<a class=\"elementor-button elementor-button-link elementor-size-sm\" href=\"mailto:info@alternativ-therapies.ch\u200b\">\n\t\t\t\t\t\t<span class=\"elementor-button-content-wrapper\">\n\t\t\t\t\t\t\t\t\t<span class=\"elementor-button-text\">Prendre contact<\/span>\n\t\t\t\t\t<\/span>\n\t\t\t\t\t<\/a>\n\t\t\t\t\t\t\t\t<\/div>\n\t\t\t\t<\/div>\n\t\t\t\t\t<\/div>\n\t\t\t\t<\/div>\n\t\t<div class=\"elementor-element elementor-element-6616f97 e-flex e-con-boxed e-con e-parent\" data-id=\"6616f97\" data-element_type=\"container\" data-e-type=\"container\">\n\t\t\t\t\t<div class=\"e-con-inner\">\n\t\t<div class=\"elementor-element elementor-element-8a66ecd e-con-full e-flex e-con e-child\" data-id=\"8a66ecd\" data-element_type=\"container\" data-e-type=\"container\">\n\t\t\t\t<div class=\"elementor-element elementor-element-f171388 elementor-widget elementor-widget-image\" data-id=\"f171388\" data-element_type=\"widget\" data-e-type=\"widget\" data-widget_type=\"image.default\">\n\t\t\t\t\t\t\t\t\t\t\t\t\t\t\t<img decoding=\"async\" width=\"300\" height=\"187\" src=\"https:\/\/alternativ-therapies.ch\/wp-content\/uploads\/2026\/04\/8ecb11_84fa1588544747eabc96f9f0db1543e8mv2-300x187.avif\" class=\"attachment-medium size-medium wp-image-124\" alt=\"\" srcset=\"https:\/\/alternativ-therapies.ch\/wp-content\/uploads\/2026\/04\/8ecb11_84fa1588544747eabc96f9f0db1543e8mv2-300x187.avif 300w, https:\/\/alternativ-therapies.ch\/wp-content\/uploads\/2026\/04\/8ecb11_84fa1588544747eabc96f9f0db1543e8mv2.avif 469w\" sizes=\"(max-width: 300px) 100vw, 300px\" \/>\t\t\t\t\t\t\t\t\t\t\t\t\t\t\t<\/div>\n\t\t\t\t<\/div>\n\t\t<div class=\"elementor-element elementor-element-d95eddb e-con-full e-flex e-con e-child\" data-id=\"d95eddb\" data-element_type=\"container\" data-e-type=\"container\">\n\t\t\t\t<div class=\"elementor-element elementor-element-25e8bcb elementor-widget elementor-widget-heading\" data-id=\"25e8bcb\" data-element_type=\"widget\" data-e-type=\"widget\" data-widget_type=\"heading.default\">\n\t\t\t\t\t<h3 class=\"elementor-heading-title elementor-size-default\">Massage th\u00e9rapeutique<\/h3>\t\t\t\t<\/div>\n\t\t\t\t<div class=\"elementor-element elementor-element-88d7ca2 elementor-widget elementor-widget-text-editor\" data-id=\"88d7ca2\" data-element_type=\"widget\" data-e-type=\"widget\" data-widget_type=\"text-editor.default\">\n\t\t\t\t\t\t\t\t\t<p><span class=\"wixui-rich-text__text\">1h30 min<\/span><\/p>\t\t\t\t\t\t\t\t<\/div>\n\t\t\t\t<div class=\"elementor-element elementor-element-18deaff elementor-align-center elementor-widget elementor-widget-button\" data-id=\"18deaff\" data-element_type=\"widget\" data-e-type=\"widget\" data-widget_type=\"button.default\">\n\t\t\t\t\t\t\t\t\t\t<a class=\"elementor-button elementor-button-link elementor-size-sm\" href=\"mailto:info@alternativ-therapies.ch\u200b\">\n\t\t\t\t\t\t<span class=\"elementor-button-content-wrapper\">\n\t\t\t\t\t\t\t\t\t<span class=\"elementor-button-text\">Prendre contact<\/span>\n\t\t\t\t\t<\/span>\n\t\t\t\t\t<\/a>\n\t\t\t\t\t\t\t\t<\/div>\n\t\t\t\t<\/div>\n\t\t\t\t\t<\/div>\n\t\t\t\t<\/div>\n\t\t<div class=\"elementor-element elementor-element-272d13b e-flex e-con-boxed e-con e-parent\" data-id=\"272d13b\" data-element_type=\"container\" data-e-type=\"container\">\n\t\t\t\t\t<div class=\"e-con-inner\">\n\t\t<div class=\"elementor-element elementor-element-fd824ed e-con-full e-flex e-con e-child\" data-id=\"fd824ed\" data-element_type=\"container\" data-e-type=\"container\">\n\t\t\t\t<div class=\"elementor-element elementor-element-f119cf5 elementor-widget elementor-widget-image\" data-id=\"f119cf5\" data-element_type=\"widget\" data-e-type=\"widget\" data-widget_type=\"image.default\">\n\t\t\t\t\t\t\t\t\t\t\t\t\t\t\t<img loading=\"lazy\" decoding=\"async\" width=\"300\" height=\"225\" src=\"https:\/\/alternativ-therapies.ch\/wp-content\/uploads\/2026\/04\/Group-of-goldfish-jumping-from-aquarium-to-the-sea-with-blue-sky-background-at-summer-time-300x225.avif\" class=\"attachment-medium size-medium wp-image-101\" alt=\"\" srcset=\"https:\/\/alternativ-therapies.ch\/wp-content\/uploads\/2026\/04\/Group-of-goldfish-jumping-from-aquarium-to-the-sea-with-blue-sky-background-at-summer-time-300x225.avif 300w, https:\/\/alternativ-therapies.ch\/wp-content\/uploads\/2026\/04\/Group-of-goldfish-jumping-from-aquarium-to-the-sea-with-blue-sky-background-at-summer-time.avif 308w\" sizes=\"(max-width: 300px) 100vw, 300px\" \/>\t\t\t\t\t\t\t\t\t\t\t\t\t\t\t<\/div>\n\t\t\t\t<\/div>\n\t\t<div class=\"elementor-element elementor-element-67ef726 e-con-full e-flex e-con e-child\" data-id=\"67ef726\" data-element_type=\"container\" data-e-type=\"container\">\n\t\t\t\t<div class=\"elementor-element elementor-element-adba028 elementor-widget elementor-widget-heading\" data-id=\"adba028\" data-element_type=\"widget\" data-e-type=\"widget\" data-widget_type=\"heading.default\">\n\t\t\t\t\t<h3 class=\"elementor-heading-title elementor-size-default\">Coaching individuel<\/h3>\t\t\t\t<\/div>\n\t\t\t\t<div class=\"elementor-element elementor-element-7a222e3 elementor-widget elementor-widget-text-editor\" data-id=\"7a222e3\" data-element_type=\"widget\" data-e-type=\"widget\" data-widget_type=\"text-editor.default\">\n\t\t\t\t\t\t\t\t\t<p><span class=\"wixui-rich-text__text\">1h30 min<\/span><\/p>\t\t\t\t\t\t\t\t<\/div>\n\t\t\t\t<div class=\"elementor-element elementor-element-79d4d54 elementor-align-center elementor-widget elementor-widget-button\" data-id=\"79d4d54\" data-element_type=\"widget\" data-e-type=\"widget\" data-widget_type=\"button.default\">\n\t\t\t\t\t\t\t\t\t\t<a class=\"elementor-button elementor-button-link elementor-size-sm\" href=\"mailto:info@alternativ-therapies.ch\u200b\">\n\t\t\t\t\t\t<span class=\"elementor-button-content-wrapper\">\n\t\t\t\t\t\t\t\t\t<span class=\"elementor-button-text\">Prendre contact<\/span>\n\t\t\t\t\t<\/span>\n\t\t\t\t\t<\/a>\n\t\t\t\t\t\t\t\t<\/div>\n\t\t\t\t<\/div>\n\t\t\t\t\t<\/div>\n\t\t\t\t<\/div>\n\t\t<div class=\"elementor-element elementor-element-ff0a3e5 e-flex e-con-boxed e-con e-parent\" data-id=\"ff0a3e5\" data-element_type=\"container\" data-e-type=\"container\">\n\t\t\t\t\t<div class=\"e-con-inner\">\n\t\t<div class=\"elementor-element elementor-element-41073e7 e-con-full e-flex e-con e-child\" data-id=\"41073e7\" data-element_type=\"container\" data-e-type=\"container\">\n\t\t\t\t<div class=\"elementor-element elementor-element-9339858 elementor-widget elementor-widget-image\" data-id=\"9339858\" data-element_type=\"widget\" data-e-type=\"widget\" data-widget_type=\"image.default\">\n\t\t\t\t\t\t\t\t\t\t\t\t\t\t\t<img loading=\"lazy\" decoding=\"async\" width=\"300\" height=\"200\" src=\"https:\/\/alternativ-therapies.ch\/wp-content\/uploads\/2026\/04\/Coaching-and-Mentoring-Concept_-Chart-with-keywords-and-icons-on-white-background-300x200.avif\" class=\"attachment-medium size-medium wp-image-100\" alt=\"\" srcset=\"https:\/\/alternativ-therapies.ch\/wp-content\/uploads\/2026\/04\/Coaching-and-Mentoring-Concept_-Chart-with-keywords-and-icons-on-white-background-300x200.avif 300w, https:\/\/alternativ-therapies.ch\/wp-content\/uploads\/2026\/04\/Coaching-and-Mentoring-Concept_-Chart-with-keywords-and-icons-on-white-background.avif 305w\" sizes=\"(max-width: 300px) 100vw, 300px\" \/>\t\t\t\t\t\t\t\t\t\t\t\t\t\t\t<\/div>\n\t\t\t\t<\/div>\n\t\t<div class=\"elementor-element elementor-element-0eff0c7 e-con-full e-flex e-con e-child\" data-id=\"0eff0c7\" data-element_type=\"container\" data-e-type=\"container\">\n\t\t\t\t<div class=\"elementor-element elementor-element-d6edf04 elementor-widget elementor-widget-heading\" data-id=\"d6edf04\" data-element_type=\"widget\" data-e-type=\"widget\" data-widget_type=\"heading.default\">\n\t\t\t\t\t<h3 class=\"elementor-heading-title elementor-size-default\">Coaching professionnel<\/h3>\t\t\t\t<\/div>\n\t\t\t\t<div class=\"elementor-element elementor-element-04b5073 elementor-widget elementor-widget-text-editor\" data-id=\"04b5073\" data-element_type=\"widget\" data-e-type=\"widget\" data-widget_type=\"text-editor.default\">\n\t\t\t\t\t\t\t\t\t<p><span class=\"wixui-rich-text__text\">2h<\/span><\/p>\t\t\t\t\t\t\t\t<\/div>\n\t\t\t\t<div class=\"elementor-element elementor-element-0b3fc9c elementor-align-center elementor-widget elementor-widget-button\" data-id=\"0b3fc9c\" data-element_type=\"widget\" data-e-type=\"widget\" data-widget_type=\"button.default\">\n\t\t\t\t\t\t\t\t\t\t<a class=\"elementor-button elementor-button-link elementor-size-sm\" href=\"mailto:info@alternativ-therapies.ch\u200b\">\n\t\t\t\t\t\t<span class=\"elementor-button-content-wrapper\">\n\t\t\t\t\t\t\t\t\t<span class=\"elementor-button-text\">Prendre contact<\/span>\n\t\t\t\t\t<\/span>\n\t\t\t\t\t<\/a>\n\t\t\t\t\t\t\t\t<\/div>\n\t\t\t\t<\/div>\n\t\t\t\t\t<\/div>\n\t\t\t\t<\/div>\n\t\t\t\t<\/div>\n\t\t","protected":false},"excerpt":{"rendered":"<p>PRENDRE RENDEZ-VOUS S\u00e9ance d&rsquo;hypnose 1h30 min Prendre contact S\u00e9ance de bior\u00e9sonance 1h30 min Prendre contact Massage th\u00e9rapeutique 1h30 min Prendre contact Coaching individuel 1h30 min Prendre contact Coaching professionnel 2h Prendre contact<\/p>\n","protected":false},"author":1,"featured_media":0,"parent":0,"menu_order":0,"comment_status":"closed","ping_status":"closed","template":"elementor_header_footer","meta":{"footnotes":""},"class_list":["post-123","page","type-page","status-publish","hentry"],"_links":{"self":[{"href":"https:\/\/alternativ-therapies.ch\/index.php\/wp-json\/wp\/v2\/pages\/123","targetHints":{"allow":["GET"]}}],"collection":[{"href":"https:\/\/alternativ-therapies.ch\/index.php\/wp-json\/wp\/v2\/pages"}],"about":[{"href":"https:\/\/alternativ-therapies.ch\/index.php\/wp-json\/wp\/v2\/types\/page"}],"author":[{"embeddable":true,"href":"https:\/\/alternativ-therapies.ch\/index.php\/wp-json\/wp\/v2\/users\/1"}],"replies":[{"embeddable":true,"href":"https:\/\/alternativ-therapies.ch\/index.php\/wp-json\/wp\/v2\/comments?post=123"}],"version-history":[{"count":19,"href":"https:\/\/alternativ-therapies.ch\/index.php\/wp-json\/wp\/v2\/pages\/123\/revisions"}],"predecessor-version":[{"id":205,"href":"https:\/\/alternativ-therapies.ch\/index.php\/wp-json\/wp\/v2\/pages\/123\/revisions\/205"}],"wp:attachment":[{"href":"https:\/\/alternativ-therapies.ch\/index.php\/wp-json\/wp\/v2\/media?parent=123"}],"curies":[{"name":"wp","href":"https:\/\/api.w.org\/{rel}","templated":true}]}}