{"id":158,"date":"2026-04-16T13:43:47","date_gmt":"2026-04-16T11:43:47","guid":{"rendered":"https:\/\/alternativ-therapies.ch\/?page_id=158"},"modified":"2026-04-16T14:06:16","modified_gmt":"2026-04-16T12:06:16","slug":"tarifs","status":"publish","type":"page","link":"https:\/\/alternativ-therapies.ch\/index.php\/tarifs\/","title":{"rendered":"Tarifs"},"content":{"rendered":"\t\t<div data-elementor-type=\"wp-page\" data-elementor-id=\"158\" class=\"elementor elementor-158\">\n\t\t\t\t<div class=\"elementor-element elementor-element-458aa9ab e-con-full animated-fast e-flex elementor-invisible e-con e-parent\" data-id=\"458aa9ab\" data-element_type=\"container\" data-e-type=\"container\" data-settings=\"{&quot;animation&quot;:&quot;fadeIn&quot;}\">\n\t\t\t\t<div class=\"elementor-element elementor-element-da488c5 elementor-widget elementor-widget-heading\" data-id=\"da488c5\" data-element_type=\"widget\" data-e-type=\"widget\" data-widget_type=\"heading.default\">\n\t\t\t\t\t<h3 class=\"elementor-heading-title elementor-size-default\"><p><span style=\"color: #999999\">TAR<\/span>IFS<\/p><\/h3>\t\t\t\t<\/div>\n\t\t\t\t<\/div>\n\t\t<div class=\"elementor-element elementor-element-e6b836a e-flex e-con-boxed e-con e-parent\" data-id=\"e6b836a\" data-element_type=\"container\" data-e-type=\"container\">\n\t\t\t\t\t<div class=\"e-con-inner\">\n\t\t\t\t<div class=\"elementor-element elementor-element-59d0751 elementor-widget elementor-widget-text-editor\" data-id=\"59d0751\" data-element_type=\"widget\" data-e-type=\"widget\" data-widget_type=\"text-editor.default\">\n\t\t\t\t\t\t\t\t\t<p class=\"font_9 wixui-rich-text__text\"><span class=\"wixui-rich-text__text\"><span class=\"color_45 wixui-rich-text__text\">Premi\u00e8re s\u00e9ance<\/span><\/span><\/p><p class=\"font_9 wixui-rich-text__text\"><span class=\"wixui-rich-text__text\"><span class=\"color_45 wixui-rich-text__text\">75&prime; CH.F 160<\/span><\/span><\/p><p class=\"font_9 wixui-rich-text__text\"><span class=\"wixui-rich-text__text\"><span class=\"color_45 wixui-rich-text__text\"><span class=\"wixGuard wixui-rich-text__text\">\u200b<\/span><\/span><\/span><\/p><p class=\"font_9 wixui-rich-text__text\"><span class=\"wixui-rich-text__text\"><span class=\"color_45 wixui-rich-text__text\">S\u00e9ances suivantes<\/span><\/span><\/p><p class=\"font_9 wixui-rich-text__text\"><span class=\"wixui-rich-text__text\"><span class=\"color_45 wixui-rich-text__text\">60&prime; CH.F 130<\/span><\/span><\/p><p class=\"font_9 wixui-rich-text__text\"><span class=\"wixui-rich-text__text\"><span class=\"wixGuard wixui-rich-text__text\">\u200b<\/span><\/span><\/p><p class=\"font_9 wixui-rich-text__text\"><span class=\"color_45 wixui-rich-text__text\"><span class=\"wixui-rich-text__text\">Les s\u00e9ances sont payables sur place <\/span>teint<span class=\"wixui-rich-text__text\">\u00a0ou carte.<\/span><\/span><\/p><p class=\"font_9 wixui-rich-text__text\"><span class=\"wixui-rich-text__text\"><span class=\"wixGuard wixui-rich-text__text\">\u200b<\/span><\/span><\/p>\t\t\t\t\t\t\t\t<\/div>\n\t\t\t\t\t<\/div>\n\t\t\t\t<\/div>\n\t\t<div class=\"elementor-element elementor-element-a6d733c e-grid e-con-boxed e-con e-parent\" data-id=\"a6d733c\" data-element_type=\"container\" data-e-type=\"container\">\n\t\t\t\t\t<div class=\"e-con-inner\">\n\t\t\t\t<div class=\"elementor-element elementor-element-f09d98b elementor-widget elementor-widget-text-editor\" data-id=\"f09d98b\" data-element_type=\"widget\" data-e-type=\"widget\" data-widget_type=\"text-editor.default\">\n\t\t\t\t\t\t\t\t\t<div id=\"comp-kz9oxswe4\" class=\"s0rHfl\"><div id=\"text-content-comp-kz9oxswe4\" class=\"ku3DBC zQ9jDz comp-kz9oxswe4 wixui-rich-text\" data-testid=\"richTextElement\"><h2 class=\"font_0 wixui-rich-text__text\"><span class=\"wixui-rich-text__text\"><span class=\"color_45 wixui-rich-text__text\">THERAPIES<\/span><\/span><\/h2><\/div><\/div><div id=\"comp-kz9oxswf\" class=\"s0rHfl\"><div id=\"text-content-comp-kz9oxswf\" class=\"ku3DBC zQ9jDz comp-kz9oxswf wixui-rich-text\" data-testid=\"richTextElement\"><p class=\"font_9 wixui-rich-text__text\"><span class=\"wixui-rich-text__text\"><span class=\"color_15 wixui-rich-text__text\">S\u00e9ance de 1h \u00e0 1h30<\/span><\/span><\/p><\/div><\/div>\t\t\t\t\t\t\t\t<\/div>\n\t\t\t\t<div class=\"elementor-element elementor-element-7d2f87b elementor-widget elementor-widget-text-editor\" data-id=\"7d2f87b\" data-element_type=\"widget\" data-e-type=\"widget\" data-widget_type=\"text-editor.default\">\n\t\t\t\t\t\t\t\t\t<div id=\"comp-kz9oxswf2\" class=\"s0rHfl\"><div id=\"text-content-comp-kz9oxswf2\" class=\"ku3DBC zQ9jDz comp-kz9oxswf2 wixui-rich-text\" data-testid=\"richTextElement\"><h2 class=\"font_0 wixui-rich-text__text\"><span class=\"wixui-rich-text__text\"><span class=\"color_45 wixui-rich-text__text\">COACHING INDIVIDUEL<\/span><\/span><\/h2><\/div><\/div><div id=\"comp-l958z3bs\" class=\"s0rHfl\"><div id=\"text-content-comp-l958z3bs\" class=\"ku3DBC zQ9jDz comp-l958z3bs wixui-rich-text\" data-testid=\"richTextElement\"><p class=\"font_9 wixui-rich-text__text\"><span class=\"wixui-rich-text__text\"><span class=\"color_15 wixui-rich-text__text\">S\u00e9ance de 1h \u00e0 1h30<\/span><\/span><\/p><\/div><\/div>\t\t\t\t\t\t\t\t<\/div>\n\t\t\t\t<div class=\"elementor-element elementor-element-dea405b elementor-widget elementor-widget-text-editor\" data-id=\"dea405b\" data-element_type=\"widget\" data-e-type=\"widget\" data-widget_type=\"text-editor.default\">\n\t\t\t\t\t\t\t\t\t<div id=\"comp-kz9oxswf5\" class=\"s0rHfl\"><div id=\"text-content-comp-kz9oxswf5\" class=\"ku3DBC zQ9jDz comp-kz9oxswf5 wixui-rich-text\" data-testid=\"richTextElement\"><h2 class=\"font_0 wixui-rich-text__text\"><span class=\"wixui-rich-text__text\"><span class=\"color_45 wixui-rich-text__text\">COACHING PROFESSIONNEL<\/span><\/span><\/h2><\/div><\/div><div id=\"comp-kz9oxswg\" class=\"s0rHfl\"><div id=\"text-content-comp-kz9oxswg\" class=\"ku3DBC zQ9jDz comp-kz9oxswg wixui-rich-text\" data-testid=\"richTextElement\"><p class=\"font_9 wixui-rich-text__text\"><span class=\"wixui-rich-text__text\"><span class=\"color_15 wixui-rich-text__text\">S\u00e9ance de 1h30 \u00e0 2h<\/span><\/span><\/p><\/div><\/div>\t\t\t\t\t\t\t\t<\/div>\n\t\t\t\t\t<\/div>\n\t\t\t\t<\/div>\n\t\t<div class=\"elementor-element elementor-element-4fef3d2 e-con-full animated-fast e-flex elementor-invisible e-con e-parent\" data-id=\"4fef3d2\" data-element_type=\"container\" data-e-type=\"container\" data-settings=\"{&quot;animation&quot;:&quot;fadeIn&quot;}\">\n\t\t\t\t<div class=\"elementor-element elementor-element-e419364 elementor-widget elementor-widget-heading\" data-id=\"e419364\" data-element_type=\"widget\" data-e-type=\"widget\" data-widget_type=\"heading.default\">\n\t\t\t\t\t<h3 class=\"elementor-heading-title elementor-size-default\"><p><span style=\"color: #999999\">QUESTIONS<\/span> R\u00c9PONSES<\/p> <\/h3>\t\t\t\t<\/div>\n\t\t\t\t<\/div>\n\t\t<div class=\"elementor-element elementor-element-ee0c221 e-flex e-con-boxed e-con e-parent\" data-id=\"ee0c221\" data-element_type=\"container\" data-e-type=\"container\">\n\t\t\t\t\t<div class=\"e-con-inner\">\n\t\t<div class=\"elementor-element elementor-element-c8e2701 e-con-full e-flex e-con e-child\" data-id=\"c8e2701\" data-element_type=\"container\" data-e-type=\"container\">\n\t\t\t\t<div class=\"elementor-element elementor-element-761e5dc elementor-widget elementor-widget-text-editor\" data-id=\"761e5dc\" data-element_type=\"widget\" data-e-type=\"widget\" data-widget_type=\"text-editor.default\">\n\t\t\t\t\t\t\t\t\t<div id=\"comp-kz9oscqr1\" class=\"s0rHfl\"><div id=\"text-content-comp-kz9oscqr1\" class=\"ku3DBC zQ9jDz comp-kz9oscqr1 wixui-rich-text\" data-testid=\"richTextElement\"><h5 class=\"font_0 wixui-rich-text__text\"><span class=\"wixui-rich-text__text\"><span class=\"color_45 wixui-rich-text__text\">VOS SERVICES SONT REMBOURS\u00c9S PAR MON ASSURANCE ?<\/span><\/span><\/h5><\/div><\/div><div id=\"comp-kz9oscqr2\" class=\"s0rHfl\"><div id=\"text-content-comp-kz9oscqr2\" class=\"ku3DBC zQ9jDz comp-kz9oscqr2 wixui-rich-text\" data-testid=\"richTextElement\"><p class=\"font_9 wixui-rich-text__text\"><span class=\"wixui-rich-text__text\"><span class=\"color_15 wixui-rich-text__text\">Certaines prestations de type Th\u00e9rapie sont reconnues par les assurances compl\u00e9mentaires ASCA.<br class=\"wixui-rich-text__text\" \/>Veuillez v\u00e9rifier avec votre assurance.<\/span><\/span><\/p><\/div><\/div>\t\t\t\t\t\t\t\t<\/div>\n\t\t\t\t<\/div>\n\t\t<div class=\"elementor-element elementor-element-e95400e e-con-full e-flex e-con e-child\" data-id=\"e95400e\" data-element_type=\"container\" data-e-type=\"container\">\n\t\t\t\t<div class=\"elementor-element elementor-element-945c45c elementor-widget elementor-widget-text-editor\" data-id=\"945c45c\" data-element_type=\"widget\" data-e-type=\"widget\" data-widget_type=\"text-editor.default\">\n\t\t\t\t\t\t\t\t\t<div id=\"comp-kz9oscqs\" class=\"s0rHfl\"><div id=\"text-content-comp-kz9oscqs\" class=\"ku3DBC zQ9jDz comp-kz9oscqs wixui-rich-text\" data-testid=\"richTextElement\"><h5 class=\"font_0 wixui-rich-text__text\"><span class=\"wixui-rich-text__text\"><span class=\"color_45 wixui-rich-text__text\">QUELLES SONT LES CAISSES MALADIES ASCA?<\/span><\/span><\/h5><\/div><\/div><div id=\"comp-l985mo1f\" class=\"s0rHfl\"><div id=\"text-content-comp-l985mo1f\" class=\"ku3DBC zQ9jDz comp-l985mo1f wixui-rich-text\" data-testid=\"richTextElement\"><p class=\"font_9 wixui-rich-text__text\"><span class=\"wixui-rich-text__text\"><span class=\"color_15 wixui-rich-text__text\">Plus d&rsquo;informations sur le site:<\/span><\/span><\/p><p class=\"font_9 wixui-rich-text__text\"><span class=\"wixui-rich-text__text\"><span class=\"color_15 wixui-rich-text__text\">www.asca.ch<\/span><\/span><\/p><\/div><\/div>\t\t\t\t\t\t\t\t<\/div>\n\t\t\t\t<\/div>\n\t\t\t\t\t<\/div>\n\t\t\t\t<\/div>\n\t\t\t\t<\/div>\n\t\t","protected":false},"excerpt":{"rendered":"<p>TARIFS Premi\u00e8re s\u00e9ance 75&prime; CH.F 160 \u200b S\u00e9ances suivantes 60&prime; CH.F 130 \u200b Les s\u00e9ances sont payables sur place teint\u00a0ou carte. \u200b THERAPIES S\u00e9ance de 1h \u00e0 1h30 COACHING INDIVIDUEL S\u00e9ance de 1h \u00e0 1h30 COACHING PROFESSIONNEL S\u00e9ance de 1h30 \u00e0 2h QUESTIONS R\u00c9PONSES VOS SERVICES SONT REMBOURS\u00c9S PAR MON ASSURANCE ? Certaines prestations de [&hellip;]<\/p>\n","protected":false},"author":1,"featured_media":0,"parent":0,"menu_order":0,"comment_status":"closed","ping_status":"closed","template":"elementor_header_footer","meta":{"footnotes":""},"class_list":["post-158","page","type-page","status-publish","hentry"],"_links":{"self":[{"href":"https:\/\/alternativ-therapies.ch\/index.php\/wp-json\/wp\/v2\/pages\/158","targetHints":{"allow":["GET"]}}],"collection":[{"href":"https:\/\/alternativ-therapies.ch\/index.php\/wp-json\/wp\/v2\/pages"}],"about":[{"href":"https:\/\/alternativ-therapies.ch\/index.php\/wp-json\/wp\/v2\/types\/page"}],"author":[{"embeddable":true,"href":"https:\/\/alternativ-therapies.ch\/index.php\/wp-json\/wp\/v2\/users\/1"}],"replies":[{"embeddable":true,"href":"https:\/\/alternativ-therapies.ch\/index.php\/wp-json\/wp\/v2\/comments?post=158"}],"version-history":[{"count":13,"href":"https:\/\/alternativ-therapies.ch\/index.php\/wp-json\/wp\/v2\/pages\/158\/revisions"}],"predecessor-version":[{"id":208,"href":"https:\/\/alternativ-therapies.ch\/index.php\/wp-json\/wp\/v2\/pages\/158\/revisions\/208"}],"wp:attachment":[{"href":"https:\/\/alternativ-therapies.ch\/index.php\/wp-json\/wp\/v2\/media?parent=158"}],"curies":[{"name":"wp","href":"https:\/\/api.w.org\/{rel}","templated":true}]}}