{"id":19,"date":"2026-04-15T21:53:52","date_gmt":"2026-04-15T19:53:52","guid":{"rendered":"https:\/\/alternativ-therapies.ch\/index.php\/home\/"},"modified":"2026-04-16T14:07:37","modified_gmt":"2026-04-16T12:07:37","slug":"home","status":"publish","type":"page","link":"https:\/\/alternativ-therapies.ch\/index.php\/home\/","title":{"rendered":"Espace th\u00e9rapie"},"content":{"rendered":"\t\t<div data-elementor-type=\"wp-page\" data-elementor-id=\"19\" class=\"elementor elementor-19\">\n\t\t\t\t<div class=\"elementor-element elementor-element-458aa9ab e-con-full animated-fast e-flex elementor-invisible e-con e-parent\" data-id=\"458aa9ab\" data-element_type=\"container\" data-e-type=\"container\" data-settings=\"{&quot;animation&quot;:&quot;fadeIn&quot;}\">\n\t\t\t\t<div class=\"elementor-element elementor-element-da488c5 elementor-widget elementor-widget-heading\" data-id=\"da488c5\" data-element_type=\"widget\" data-e-type=\"widget\" data-widget_type=\"heading.default\">\n\t\t\t\t\t<h3 class=\"elementor-heading-title elementor-size-default\"><p><span style=\"color: #999999\">ESPACE<\/span> TH&Eacute;RAPIES<\/p><\/h3>\t\t\t\t<\/div>\n\t\t\t\t<\/div>\n\t\t<div class=\"elementor-element elementor-element-29cfb13 e-flex e-con-boxed e-con e-parent\" data-id=\"29cfb13\" data-element_type=\"container\" data-e-type=\"container\">\n\t\t\t\t\t<div class=\"e-con-inner\">\n\t\t<div class=\"elementor-element elementor-element-7d14175 e-con-full e-flex e-con e-child\" data-id=\"7d14175\" data-element_type=\"container\" data-e-type=\"container\">\n\t\t\t\t<div class=\"elementor-element elementor-element-7b532ea elementor-widget elementor-widget-image\" data-id=\"7b532ea\" data-element_type=\"widget\" data-e-type=\"widget\" data-widget_type=\"image.default\">\n\t\t\t\t\t\t\t\t\t\t\t\t\t\t\t<img fetchpriority=\"high\" decoding=\"async\" width=\"308\" height=\"231\" src=\"https:\/\/alternativ-therapies.ch\/wp-content\/uploads\/2026\/04\/Female-Hypnotherapy-Patient.avif\" class=\"attachment-large size-large wp-image-88\" alt=\"\" srcset=\"https:\/\/alternativ-therapies.ch\/wp-content\/uploads\/2026\/04\/Female-Hypnotherapy-Patient.avif 308w, https:\/\/alternativ-therapies.ch\/wp-content\/uploads\/2026\/04\/Female-Hypnotherapy-Patient-300x225.avif 300w\" sizes=\"(max-width: 308px) 100vw, 308px\" \/>\t\t\t\t\t\t\t\t\t\t\t\t\t\t\t<\/div>\n\t\t\t\t<\/div>\n\t\t<div class=\"elementor-element elementor-element-b6d0922 e-con-full e-flex e-con e-child\" data-id=\"b6d0922\" data-element_type=\"container\" data-e-type=\"container\">\n\t\t\t\t<div class=\"elementor-element elementor-element-8cb3489 elementor-widget elementor-widget-heading\" data-id=\"8cb3489\" data-element_type=\"widget\" data-e-type=\"widget\" data-widget_type=\"heading.default\">\n\t\t\t\t\t<h3 class=\"elementor-heading-title elementor-size-default\">Hypnose<\/h3>\t\t\t\t<\/div>\n\t\t\t\t<div class=\"elementor-element elementor-element-c833d35 elementor-widget elementor-widget-text-editor\" data-id=\"c833d35\" data-element_type=\"widget\" data-e-type=\"widget\" data-widget_type=\"text-editor.default\">\n\t\t\t\t\t\t\t\t\t<p><span class=\"wixui-rich-text__text\">\u00ab\u00a0Tous les jours, \u00e0 tous points de vue, je vais de mieux en mieux\u00a0\u00bb. Emile Cou\u00e9<\/span><\/p>\t\t\t\t\t\t\t\t<\/div>\n\t\t\t\t<\/div>\n\t\t\t\t\t<\/div>\n\t\t\t\t<\/div>\n\t\t<div class=\"elementor-element elementor-element-0b2266f e-flex e-con-boxed e-con e-parent\" data-id=\"0b2266f\" data-element_type=\"container\" data-e-type=\"container\">\n\t\t\t\t\t<div class=\"e-con-inner\">\n\t\t\t\t<div class=\"elementor-element elementor-element-6159407 elementor-widget elementor-widget-text-editor\" data-id=\"6159407\" data-element_type=\"widget\" data-e-type=\"widget\" data-widget_type=\"text-editor.default\">\n\t\t\t\t\t\t\t\t\t<p class=\"font_8 wixui-rich-text__text\"><span class=\"wixui-rich-text__text\">L&rsquo;hypnose est un \u00e9tat modifi\u00e9 de conscience situ\u00e9 entre la veille et le sommeil.<\/span><\/p><p class=\"font_8 wixui-rich-text__text\"><span class=\"wixui-rich-text__text\">C&rsquo;est un \u00e9tat que vous avez d\u00e9j\u00e0 exp\u00e9riment\u00e9 de nombreuses fois sans le savoir.<\/span><\/p><p class=\"font_8 wixui-rich-text__text\"><span class=\"wixui-rich-text__text\">L&rsquo;hypnose contemporaine, moderne et orient\u00e9e solution permet d&rsquo;atteindre le subconscient, et ainsi de\u00a0 sugg\u00e9rer les changements souhait\u00e9s, trouver ses propres ressources et une solution durable et b\u00e9n\u00e9fique.<\/span><\/p><p class=\"font_8 wixui-rich-text__text\"><span class=\"wixui-rich-text__text\"><span class=\"wixGuard wixui-rich-text__text\">\u200b<\/span><\/span><\/p><p class=\"font_8 wixui-rich-text__text\"><span class=\"wixui-rich-text__text\">Orient\u00e9e solutions, elle permet une r\u00e9solution rapide et efficace des probl\u00e8mes rencontr\u00e9s.<\/span><\/p><p class=\"font_8 wixui-rich-text__text\"><span class=\"wixui-rich-text__text\"><span class=\"wixGuard wixui-rich-text__text\">\u200b<\/span><\/span><\/p><p class=\"font_8 wixui-rich-text__text\"><span class=\"wixui-rich-text__text\">Indications: Confiance en soi, Gestion du poids, Concentration, Trouble obsessionnel compulsif(TOC), Phobies, Estime de soi, Troubles du sommeil, Troubles anxieux, Troubles alimentaires, Stress et burn-out, Relaxation, D\u00e9pendances.<\/span><\/p>\t\t\t\t\t\t\t\t<\/div>\n\t\t\t\t<div class=\"elementor-element elementor-element-01b0083 elementor-widget-divider--view-line elementor-widget elementor-widget-divider\" data-id=\"01b0083\" data-element_type=\"widget\" data-e-type=\"widget\" data-widget_type=\"divider.default\">\n\t\t\t\t\t\t\t<div class=\"elementor-divider\">\n\t\t\t<span class=\"elementor-divider-separator\">\n\t\t\t\t\t\t<\/span>\n\t\t<\/div>\n\t\t\t\t\t\t<\/div>\n\t\t\t\t\t<\/div>\n\t\t\t\t<\/div>\n\t\t<div class=\"elementor-element elementor-element-fdcc6e0 e-flex e-con-boxed e-con e-parent\" data-id=\"fdcc6e0\" data-element_type=\"container\" data-e-type=\"container\">\n\t\t\t\t\t<div class=\"e-con-inner\">\n\t\t<div class=\"elementor-element elementor-element-a056e1a e-con-full e-flex e-con e-child\" data-id=\"a056e1a\" data-element_type=\"container\" data-e-type=\"container\">\n\t\t\t\t<div class=\"elementor-element elementor-element-d9f157e elementor-widget elementor-widget-image\" data-id=\"d9f157e\" data-element_type=\"widget\" data-e-type=\"widget\" data-widget_type=\"image.default\">\n\t\t\t\t\t\t\t\t\t\t\t\t\t\t\t<img decoding=\"async\" width=\"275\" height=\"206\" src=\"https:\/\/alternativ-therapies.ch\/wp-content\/uploads\/2026\/04\/Express-biofeedback-microcurrent-rezonans-health-of-organs-diagnostic_-Sick-child-boy-wear.avif\" class=\"attachment-large size-large wp-image-91\" alt=\"\" \/>\t\t\t\t\t\t\t\t\t\t\t\t\t\t\t<\/div>\n\t\t\t\t<\/div>\n\t\t<div class=\"elementor-element elementor-element-c9bbfdd e-con-full e-flex e-con e-child\" data-id=\"c9bbfdd\" data-element_type=\"container\" data-e-type=\"container\">\n\t\t\t\t<div class=\"elementor-element elementor-element-fd22cbd elementor-widget elementor-widget-heading\" data-id=\"fd22cbd\" data-element_type=\"widget\" data-e-type=\"widget\" data-widget_type=\"heading.default\">\n\t\t\t\t\t<h3 class=\"elementor-heading-title elementor-size-default\">Bior\u00e9sonance<\/h3>\t\t\t\t<\/div>\n\t\t\t\t<div class=\"elementor-element elementor-element-41dddb0 elementor-widget elementor-widget-text-editor\" data-id=\"41dddb0\" data-element_type=\"widget\" data-e-type=\"widget\" data-widget_type=\"text-editor.default\">\n\t\t\t\t\t\t\t\t\t<p><span class=\"wixui-rich-text__text\">\u00ab\u00a0Tous les jours, \u00e0 tous points de vue, je vais de mieux en mieux\u00a0\u00bb. Emile Cou\u00e9<\/span><\/p>\t\t\t\t\t\t\t\t<\/div>\n\t\t\t\t<\/div>\n\t\t\t\t\t<\/div>\n\t\t\t\t<\/div>\n\t\t<div class=\"elementor-element elementor-element-6fff515 e-flex e-con-boxed e-con e-parent\" data-id=\"6fff515\" data-element_type=\"container\" data-e-type=\"container\">\n\t\t\t\t\t<div class=\"e-con-inner\">\n\t\t\t\t<div class=\"elementor-element elementor-element-df0ed24 elementor-widget elementor-widget-text-editor\" data-id=\"df0ed24\" data-element_type=\"widget\" data-e-type=\"widget\" data-widget_type=\"text-editor.default\">\n\t\t\t\t\t\t\t\t\t<p class=\"font_8 wixui-rich-text__text\"><span class=\"wixui-rich-text__text\">Le L.I.F.E system permet d&rsquo;effectuer un bilan global physique, \u00e9nerg\u00e9tique et \u00e9motionnel, puis d&rsquo;identifier les blocages pr\u00e9sents et d&rsquo;op\u00e9rer \u00e0 un r\u00e9\u00e9quilibrage.<\/span><\/p><p class=\"font_8 wixui-rich-text__text\"><span class=\"wixui-rich-text__text\">R\u00e9tablir l&rsquo;\u00e9quilibre des fr\u00e9quences biologiques et \u00e9motionnelles est essentiel au maintien et au recouvrement du bien-\u00eatre g\u00e9n\u00e9ral, physique et \u00e9motionnel.<\/span><\/p>\t\t\t\t\t\t\t\t<\/div>\n\t\t\t\t<div class=\"elementor-element elementor-element-023bcb2 elementor-widget-divider--view-line elementor-widget elementor-widget-divider\" data-id=\"023bcb2\" data-element_type=\"widget\" data-e-type=\"widget\" data-widget_type=\"divider.default\">\n\t\t\t\t\t\t\t<div class=\"elementor-divider\">\n\t\t\t<span class=\"elementor-divider-separator\">\n\t\t\t\t\t\t<\/span>\n\t\t<\/div>\n\t\t\t\t\t\t<\/div>\n\t\t\t\t\t<\/div>\n\t\t\t\t<\/div>\n\t\t<div class=\"elementor-element elementor-element-913f281 e-flex e-con-boxed e-con e-parent\" data-id=\"913f281\" data-element_type=\"container\" data-e-type=\"container\">\n\t\t\t\t\t<div class=\"e-con-inner\">\n\t\t<div class=\"elementor-element elementor-element-8ef96f8 e-con-full e-flex e-con e-child\" data-id=\"8ef96f8\" data-element_type=\"container\" data-e-type=\"container\">\n\t\t\t\t<div class=\"elementor-element elementor-element-14c8577 elementor-widget elementor-widget-image\" data-id=\"14c8577\" data-element_type=\"widget\" data-e-type=\"widget\" data-widget_type=\"image.default\">\n\t\t\t\t\t\t\t\t\t\t\t\t\t\t\t<img decoding=\"async\" width=\"232\" height=\"174\" src=\"https:\/\/alternativ-therapies.ch\/wp-content\/uploads\/2026\/04\/Ayurveda-Back-Massage-with-aromatherapy-essential-oil.avif\" class=\"attachment-large size-large wp-image-89\" alt=\"\" \/>\t\t\t\t\t\t\t\t\t\t\t\t\t\t\t<\/div>\n\t\t\t\t<\/div>\n\t\t<div class=\"elementor-element elementor-element-c97c001 e-con-full e-flex e-con e-child\" data-id=\"c97c001\" data-element_type=\"container\" data-e-type=\"container\">\n\t\t\t\t<div class=\"elementor-element elementor-element-7482b9f elementor-widget elementor-widget-heading\" data-id=\"7482b9f\" data-element_type=\"widget\" data-e-type=\"widget\" data-widget_type=\"heading.default\">\n\t\t\t\t\t<h3 class=\"elementor-heading-title elementor-size-default\">Massage Royam<\/h3>\t\t\t\t<\/div>\n\t\t\t\t<div class=\"elementor-element elementor-element-b9d0895 elementor-widget elementor-widget-text-editor\" data-id=\"b9d0895\" data-element_type=\"widget\" data-e-type=\"widget\" data-widget_type=\"text-editor.default\">\n\t\t\t\t\t\t\t\t\t<p><span class=\"wixui-rich-text__text\">\u00ab\u00a0Tous les jours, \u00e0 tous points de vue, je vais de mieux en mieux\u00a0\u00bb. Emile Cou\u00e9<\/span><\/p>\t\t\t\t\t\t\t\t<\/div>\n\t\t\t\t<\/div>\n\t\t\t\t\t<\/div>\n\t\t\t\t<\/div>\n\t\t<div class=\"elementor-element elementor-element-39cbaa0 e-flex e-con-boxed e-con e-parent\" data-id=\"39cbaa0\" data-element_type=\"container\" data-e-type=\"container\">\n\t\t\t\t\t<div class=\"e-con-inner\">\n\t\t\t\t<div class=\"elementor-element elementor-element-c8f3191 elementor-widget elementor-widget-text-editor\" data-id=\"c8f3191\" data-element_type=\"widget\" data-e-type=\"widget\" data-widget_type=\"text-editor.default\">\n\t\t\t\t\t\t\t\t\t<p class=\"font_8 wixui-rich-text__text\"><span class=\"wixui-rich-text__text\">Le massage Royam est un massage neuro-musculaire puissant, qui permet une r\u00e9activation et une remise en \u00e9tat des diff\u00e9rents tissus du corps.<\/span><\/p><p class=\"font_8 wixui-rich-text__text\"><span class=\"wixui-rich-text__text\">Il s&rsquo;inscrit davantage dans un travail profond des tissus que dans des manipulations articulaires.<\/span><\/p><p class=\"font_8 wixui-rich-text__text\"><span class=\"wixui-rich-text__text\">Une fois la fonction normale des tissus retrouv\u00e9e, les relations structurelles et fonctionnelles du corps se normalisent.<\/span><\/p>\t\t\t\t\t\t\t\t<\/div>\n\t\t\t\t<div class=\"elementor-element elementor-element-970f002 elementor-widget-divider--view-line elementor-widget elementor-widget-divider\" data-id=\"970f002\" data-element_type=\"widget\" data-e-type=\"widget\" data-widget_type=\"divider.default\">\n\t\t\t\t\t\t\t<div class=\"elementor-divider\">\n\t\t\t<span class=\"elementor-divider-separator\">\n\t\t\t\t\t\t<\/span>\n\t\t<\/div>\n\t\t\t\t\t\t<\/div>\n\t\t\t\t\t<\/div>\n\t\t\t\t<\/div>\n\t\t<div class=\"elementor-element elementor-element-8f60a09 e-flex e-con-boxed e-con e-parent\" data-id=\"8f60a09\" data-element_type=\"container\" data-e-type=\"container\">\n\t\t\t\t\t<div class=\"e-con-inner\">\n\t\t<div class=\"elementor-element elementor-element-c307029 e-con-full e-flex e-con e-child\" data-id=\"c307029\" data-element_type=\"container\" data-e-type=\"container\">\n\t\t\t\t<div class=\"elementor-element elementor-element-63d8297 elementor-widget elementor-widget-image\" data-id=\"63d8297\" data-element_type=\"widget\" data-e-type=\"widget\" data-widget_type=\"image.default\">\n\t\t\t\t\t\t\t\t\t\t\t\t\t\t\t<img loading=\"lazy\" decoding=\"async\" width=\"228\" height=\"228\" src=\"https:\/\/alternativ-therapies.ch\/wp-content\/uploads\/2026\/04\/Pain.avif\" class=\"attachment-large size-large wp-image-93\" alt=\"\" srcset=\"https:\/\/alternativ-therapies.ch\/wp-content\/uploads\/2026\/04\/Pain.avif 228w, https:\/\/alternativ-therapies.ch\/wp-content\/uploads\/2026\/04\/Pain-150x150.avif 150w\" sizes=\"(max-width: 228px) 100vw, 228px\" \/>\t\t\t\t\t\t\t\t\t\t\t\t\t\t\t<\/div>\n\t\t\t\t<\/div>\n\t\t<div class=\"elementor-element elementor-element-4e5a713 e-con-full e-flex e-con e-child\" data-id=\"4e5a713\" data-element_type=\"container\" data-e-type=\"container\">\n\t\t\t\t<div class=\"elementor-element elementor-element-2d09a5d elementor-widget elementor-widget-heading\" data-id=\"2d09a5d\" data-element_type=\"widget\" data-e-type=\"widget\" data-widget_type=\"heading.default\">\n\t\t\t\t\t<h3 class=\"elementor-heading-title elementor-size-default\">Trigger th\u00e9rapie<\/h3>\t\t\t\t<\/div>\n\t\t\t\t<div class=\"elementor-element elementor-element-3d8a0f6 elementor-widget elementor-widget-text-editor\" data-id=\"3d8a0f6\" data-element_type=\"widget\" data-e-type=\"widget\" data-widget_type=\"text-editor.default\">\n\t\t\t\t\t\t\t\t\t<p><span class=\"wixui-rich-text__text\">\u00ab\u00a0Tous les jours, \u00e0 tous points de vue, je vais de mieux en mieux\u00a0\u00bb. Emile Cou\u00e9<\/span><\/p>\t\t\t\t\t\t\t\t<\/div>\n\t\t\t\t<\/div>\n\t\t\t\t\t<\/div>\n\t\t\t\t<\/div>\n\t\t<div class=\"elementor-element elementor-element-2b9b5d6 e-flex e-con-boxed e-con e-parent\" data-id=\"2b9b5d6\" data-element_type=\"container\" data-e-type=\"container\">\n\t\t\t\t\t<div class=\"e-con-inner\">\n\t\t\t\t<div class=\"elementor-element elementor-element-8b66059 elementor-widget elementor-widget-text-editor\" data-id=\"8b66059\" data-element_type=\"widget\" data-e-type=\"widget\" data-widget_type=\"text-editor.default\">\n\t\t\t\t\t\t\t\t\t<p><span class=\"wixui-rich-text__text\">La th\u00e9rapie des points trigger myofasciaux consiste \u00e0 traiter ce que l&rsquo;on appelle les points triggers myofasciaux, MTrP, dans un muscle. Les points trigger myofasciaux sont des zones douloureuses et crisp\u00e9es dans la musculature humaine. Ils touchent autant les muscles, d&rsquo;o\u00f9 \u00ab\u00a0myo\u00a0\u00bb (du grec \u00ab\u00a0muscle\u00a0\u00bb) que les fascias, d&rsquo;o\u00f9 \u00ab\u00a0fasciaux\u00a0\u00bb. Les points trigger myofasciaux figurent parmis les causes les plus fr\u00e9quentes de douleurs chroniques de l&rsquo;appareil locomoteur, ce que l&rsquo;on appelle douleurs myofasciales. Ils peuvent appara\u00eetre \u00e0 n&rsquo;importe quel endroit du corps. Une th\u00e9rapie professionnelle des points trigger r\u00e9soud les contractures et ainsi les douleurs de mani\u00e8re durable.<\/span><\/p>\t\t\t\t\t\t\t\t<\/div>\n\t\t\t\t<div class=\"elementor-element elementor-element-b26d558 elementor-widget-divider--view-line elementor-widget elementor-widget-divider\" data-id=\"b26d558\" data-element_type=\"widget\" data-e-type=\"widget\" data-widget_type=\"divider.default\">\n\t\t\t\t\t\t\t<div class=\"elementor-divider\">\n\t\t\t<span class=\"elementor-divider-separator\">\n\t\t\t\t\t\t<\/span>\n\t\t<\/div>\n\t\t\t\t\t\t<\/div>\n\t\t\t\t\t<\/div>\n\t\t\t\t<\/div>\n\t\t<div class=\"elementor-element elementor-element-955dc1b e-flex e-con-boxed e-con e-parent\" data-id=\"955dc1b\" data-element_type=\"container\" data-e-type=\"container\">\n\t\t\t\t\t<div class=\"e-con-inner\">\n\t\t<div class=\"elementor-element elementor-element-95fd0cf e-con-full e-flex e-con e-child\" data-id=\"95fd0cf\" data-element_type=\"container\" data-e-type=\"container\">\n\t\t\t\t<div class=\"elementor-element elementor-element-2111a24 elementor-widget elementor-widget-image\" data-id=\"2111a24\" data-element_type=\"widget\" data-e-type=\"widget\" data-widget_type=\"image.default\">\n\t\t\t\t\t\t\t\t\t\t\t\t\t\t\t<img loading=\"lazy\" decoding=\"async\" width=\"228\" height=\"228\" src=\"https:\/\/alternativ-therapies.ch\/wp-content\/uploads\/2026\/04\/Massage.avif\" class=\"attachment-large size-large wp-image-92\" alt=\"\" srcset=\"https:\/\/alternativ-therapies.ch\/wp-content\/uploads\/2026\/04\/Massage.avif 228w, https:\/\/alternativ-therapies.ch\/wp-content\/uploads\/2026\/04\/Massage-150x150.avif 150w\" sizes=\"(max-width: 228px) 100vw, 228px\" \/>\t\t\t\t\t\t\t\t\t\t\t\t\t\t\t<\/div>\n\t\t\t\t<\/div>\n\t\t<div class=\"elementor-element elementor-element-0a5f3b5 e-con-full e-flex e-con e-child\" data-id=\"0a5f3b5\" data-element_type=\"container\" data-e-type=\"container\">\n\t\t\t\t<div class=\"elementor-element elementor-element-0e89960 elementor-widget elementor-widget-heading\" data-id=\"0e89960\" data-element_type=\"widget\" data-e-type=\"widget\" data-widget_type=\"heading.default\">\n\t\t\t\t\t<h3 class=\"elementor-heading-title elementor-size-default\">R\u00e9flexologie visc\u00e9rale<\/h3>\t\t\t\t<\/div>\n\t\t\t\t<\/div>\n\t\t\t\t\t<\/div>\n\t\t\t\t<\/div>\n\t\t<div class=\"elementor-element elementor-element-16fd1b3 e-flex e-con-boxed e-con e-parent\" data-id=\"16fd1b3\" data-element_type=\"container\" data-e-type=\"container\">\n\t\t\t\t\t<div class=\"e-con-inner\">\n\t\t\t\t<div class=\"elementor-element elementor-element-b1aa3c8 elementor-widget elementor-widget-text-editor\" data-id=\"b1aa3c8\" data-element_type=\"widget\" data-e-type=\"widget\" data-widget_type=\"text-editor.default\">\n\t\t\t\t\t\t\t\t\t<p class=\"font_8 wixui-rich-text__text\"><span class=\"wixui-rich-text__text\">Les organes du corps humain sont en mouvement au quotidien. Ces mouvements naturels et imperceptibles peuvent connaitre des dysfonctionnements. En effet, une mauvaise mobilit\u00e9 de ces organes peut entrainer un probl\u00e8me au niveau des nerfs, de la mobilit\u00e9 ou de la circulation . Ces dysfonctionnements sont \u00e0 l&rsquo;origine de diff\u00e9rents mauxcomme des douleurs au dos, des troubles digestifs..<\/span><\/p><p class=\"font_8 wixui-rich-text__text\"><span class=\"wixui-rich-text__text\">La th\u00e9rapie visc\u00e9rale va aider le corps \u00e0 retrouver la mobilit\u00e9 notamment dans la zone o\u00f9 le dysfonctionnement a \u00e9t\u00e9 identifi\u00e9.<\/span><\/p>\t\t\t\t\t\t\t\t<\/div>\n\t\t\t\t<div class=\"elementor-element elementor-element-7f0013e elementor-widget-divider--view-line elementor-widget elementor-widget-divider\" data-id=\"7f0013e\" data-element_type=\"widget\" data-e-type=\"widget\" data-widget_type=\"divider.default\">\n\t\t\t\t\t\t\t<div class=\"elementor-divider\">\n\t\t\t<span class=\"elementor-divider-separator\">\n\t\t\t\t\t\t<\/span>\n\t\t<\/div>\n\t\t\t\t\t\t<\/div>\n\t\t\t\t\t<\/div>\n\t\t\t\t<\/div>\n\t\t<div class=\"elementor-element elementor-element-029703e e-flex e-con-boxed e-con e-parent\" data-id=\"029703e\" data-element_type=\"container\" data-e-type=\"container\">\n\t\t\t\t\t<div class=\"e-con-inner\">\n\t\t<div class=\"elementor-element elementor-element-26fab98 e-con-full e-flex e-con e-child\" data-id=\"26fab98\" data-element_type=\"container\" data-e-type=\"container\">\n\t\t\t\t<div class=\"elementor-element elementor-element-9a49a8c elementor-widget elementor-widget-image\" data-id=\"9a49a8c\" data-element_type=\"widget\" data-e-type=\"widget\" data-widget_type=\"image.default\">\n\t\t\t\t\t\t\t\t\t\t\t\t\t\t\t<img loading=\"lazy\" decoding=\"async\" width=\"228\" height=\"228\" src=\"https:\/\/alternativ-therapies.ch\/wp-content\/uploads\/2026\/04\/Close-up-Of-A-Therapist-Giving-Cupping-Treatment-On-Back.avif\" class=\"attachment-large size-large wp-image-90\" alt=\"\" srcset=\"https:\/\/alternativ-therapies.ch\/wp-content\/uploads\/2026\/04\/Close-up-Of-A-Therapist-Giving-Cupping-Treatment-On-Back.avif 228w, https:\/\/alternativ-therapies.ch\/wp-content\/uploads\/2026\/04\/Close-up-Of-A-Therapist-Giving-Cupping-Treatment-On-Back-150x150.avif 150w\" sizes=\"(max-width: 228px) 100vw, 228px\" \/>\t\t\t\t\t\t\t\t\t\t\t\t\t\t\t<\/div>\n\t\t\t\t<\/div>\n\t\t<div class=\"elementor-element elementor-element-30a0f59 e-con-full e-flex e-con e-child\" data-id=\"30a0f59\" data-element_type=\"container\" data-e-type=\"container\">\n\t\t\t\t<div class=\"elementor-element elementor-element-46e7f66 elementor-widget elementor-widget-heading\" data-id=\"46e7f66\" data-element_type=\"widget\" data-e-type=\"widget\" data-widget_type=\"heading.default\">\n\t\t\t\t\t<h3 class=\"elementor-heading-title elementor-size-default\">Ventouses selon la MTC<\/h3>\t\t\t\t<\/div>\n\t\t\t\t<\/div>\n\t\t\t\t\t<\/div>\n\t\t\t\t<\/div>\n\t\t<div class=\"elementor-element elementor-element-30d1033 e-flex e-con-boxed e-con e-parent\" data-id=\"30d1033\" data-element_type=\"container\" data-e-type=\"container\">\n\t\t\t\t\t<div class=\"e-con-inner\">\n\t\t\t\t<div class=\"elementor-element elementor-element-d3d7260 elementor-widget elementor-widget-text-editor\" data-id=\"d3d7260\" data-element_type=\"widget\" data-e-type=\"widget\" data-widget_type=\"text-editor.default\">\n\t\t\t\t\t\t\t\t\t<p class=\"font_8 wixui-rich-text__text\"><span class=\"wixui-rich-text__text\">La pose de ventouses n\u2019est pas uniquement une pratique de la M\u00e9decine Traditionnelle Chinoise, c\u2019est aussi une m\u00e9thode de soin populaire ancr\u00e9e dans nos traditions. Elle consiste \u00e0 poser un verre vide, la ventouse, sur la surface de la peau.<\/span><\/p><p class=\"font_8 wixui-rich-text__text\"><span class=\"wixui-rich-text__text\">L\u2019application de ventouses a pour effet de masser le tissu conjonctif et d\u2019am\u00e9liorer la vascularisation des couches cutan\u00e9es et musculaires. On renforce ainsi le flux de Qi, de sang, de lymphe et les \u00e9changes m\u00e9taboliques et finalement le syst\u00e8me immunitaire.<\/span><\/p><p class=\"font_8 wixui-rich-text__text\"><span class=\"wixui-rich-text__text\">Sur certains points du dos, d\u00e9nomm\u00e9s les points Shu, on peut, par exemple, influer de mani\u00e8re positive sur l\u2019activit\u00e9 des organes, notamment en cas \u00ab d\u2019\u00e9tats de Vide \u00bb. De plus, les ventouses sont souvent employ\u00e9es lors de probl\u00e8mes dermatologiques, tels que ecz\u00e9ma, zona, urticaire, prurit, acn\u00e9, etc.<\/span><\/p>\t\t\t\t\t\t\t\t<\/div>\n\t\t\t\t<div class=\"elementor-element elementor-element-5c9fd9c elementor-widget-divider--view-line elementor-widget elementor-widget-divider\" data-id=\"5c9fd9c\" data-element_type=\"widget\" data-e-type=\"widget\" data-widget_type=\"divider.default\">\n\t\t\t\t\t\t\t<div class=\"elementor-divider\">\n\t\t\t<span class=\"elementor-divider-separator\">\n\t\t\t\t\t\t<\/span>\n\t\t<\/div>\n\t\t\t\t\t\t<\/div>\n\t\t\t\t\t<\/div>\n\t\t\t\t<\/div>\n\t\t\t\t<\/div>\n\t\t","protected":false},"excerpt":{"rendered":"<p>ESPACE TH&Eacute;RAPIES Hypnose \u00ab\u00a0Tous les jours, \u00e0 tous points de vue, je vais de mieux en mieux\u00a0\u00bb. Emile Cou\u00e9 L&rsquo;hypnose est un \u00e9tat modifi\u00e9 de conscience situ\u00e9 entre la veille et le sommeil. C&rsquo;est un \u00e9tat que vous avez d\u00e9j\u00e0 exp\u00e9riment\u00e9 de nombreuses fois sans le savoir. L&rsquo;hypnose contemporaine, moderne et orient\u00e9e solution permet d&rsquo;atteindre [&hellip;]<\/p>\n","protected":false},"author":1,"featured_media":0,"parent":0,"menu_order":0,"comment_status":"closed","ping_status":"closed","template":"elementor_header_footer","meta":{"footnotes":""},"class_list":["post-19","page","type-page","status-publish","hentry"],"_links":{"self":[{"href":"https:\/\/alternativ-therapies.ch\/index.php\/wp-json\/wp\/v2\/pages\/19","targetHints":{"allow":["GET"]}}],"collection":[{"href":"https:\/\/alternativ-therapies.ch\/index.php\/wp-json\/wp\/v2\/pages"}],"about":[{"href":"https:\/\/alternativ-therapies.ch\/index.php\/wp-json\/wp\/v2\/types\/page"}],"author":[{"embeddable":true,"href":"https:\/\/alternativ-therapies.ch\/index.php\/wp-json\/wp\/v2\/users\/1"}],"replies":[{"embeddable":true,"href":"https:\/\/alternativ-therapies.ch\/index.php\/wp-json\/wp\/v2\/comments?post=19"}],"version-history":[{"count":31,"href":"https:\/\/alternativ-therapies.ch\/index.php\/wp-json\/wp\/v2\/pages\/19\/revisions"}],"predecessor-version":[{"id":214,"href":"https:\/\/alternativ-therapies.ch\/index.php\/wp-json\/wp\/v2\/pages\/19\/revisions\/214"}],"wp:attachment":[{"href":"https:\/\/alternativ-therapies.ch\/index.php\/wp-json\/wp\/v2\/media?parent=19"}],"curies":[{"name":"wp","href":"https:\/\/api.w.org\/{rel}","templated":true}]}}