{"id":87,"date":"2026-04-16T09:34:00","date_gmt":"2026-04-16T07:34:00","guid":{"rendered":"https:\/\/alternativ-therapies.ch\/?page_id=87"},"modified":"2026-04-16T14:01:46","modified_gmt":"2026-04-16T12:01:46","slug":"accueil","status":"publish","type":"page","link":"https:\/\/alternativ-therapies.ch\/","title":{"rendered":"Accueil"},"content":{"rendered":"\t\t<div data-elementor-type=\"wp-page\" data-elementor-id=\"87\" class=\"elementor elementor-87\">\n\t\t\t\t<div class=\"elementor-element elementor-element-458aa9ab e-con-full animated-fast e-flex elementor-invisible e-con e-parent\" data-id=\"458aa9ab\" data-element_type=\"container\" data-e-type=\"container\" data-settings=\"{&quot;animation&quot;:&quot;fadeIn&quot;}\">\n\t\t\t\t<div class=\"elementor-element elementor-element-da488c5 elementor-widget elementor-widget-heading\" data-id=\"da488c5\" data-element_type=\"widget\" data-e-type=\"widget\" data-widget_type=\"heading.default\">\n\t\t\t\t\t<h3 class=\"elementor-heading-title elementor-size-default\"><p><span style=\"color: #999999\">ESPACE<\/span> TH&Eacute;RAPIES<\/p> <\/h3>\t\t\t\t<\/div>\n\t\t\t\t<div class=\"elementor-element elementor-element-9bd77bb elementor-widget elementor-widget-heading\" data-id=\"9bd77bb\" data-element_type=\"widget\" data-e-type=\"widget\" data-widget_type=\"heading.default\">\n\t\t\t\t\t<h3 class=\"elementor-heading-title elementor-size-default\"><p><span style=\"color: #999999\">ESPACE<\/span> COACHING<\/p> <\/h3>\t\t\t\t<\/div>\n\t\t\t\t<div class=\"elementor-element elementor-element-362b6af3 elementor-widget elementor-widget-image\" data-id=\"362b6af3\" data-element_type=\"widget\" data-e-type=\"widget\" data-widget_type=\"image.default\">\n\t\t\t\t\t\t\t\t\t\t\t\t\t\t\t<img fetchpriority=\"high\" decoding=\"async\" width=\"1561\" height=\"883\" src=\"https:\/\/alternativ-therapies.ch\/wp-content\/uploads\/2026\/04\/8ecb11_a7965764367140239f40fd4d3245c946mv2.avif\" class=\"attachment-full size-full wp-image-69\" alt=\"\" srcset=\"https:\/\/alternativ-therapies.ch\/wp-content\/uploads\/2026\/04\/8ecb11_a7965764367140239f40fd4d3245c946mv2.avif 1561w, https:\/\/alternativ-therapies.ch\/wp-content\/uploads\/2026\/04\/8ecb11_a7965764367140239f40fd4d3245c946mv2-300x170.avif 300w, https:\/\/alternativ-therapies.ch\/wp-content\/uploads\/2026\/04\/8ecb11_a7965764367140239f40fd4d3245c946mv2-1024x579.avif 1024w, https:\/\/alternativ-therapies.ch\/wp-content\/uploads\/2026\/04\/8ecb11_a7965764367140239f40fd4d3245c946mv2-768x434.avif 768w, https:\/\/alternativ-therapies.ch\/wp-content\/uploads\/2026\/04\/8ecb11_a7965764367140239f40fd4d3245c946mv2-1536x869.avif 1536w\" sizes=\"(max-width: 1561px) 100vw, 1561px\" \/>\t\t\t\t\t\t\t\t\t\t\t\t\t\t\t<\/div>\n\t\t\t\t<\/div>\n\t\t<div class=\"elementor-element elementor-element-7b0de6ee animated-fast e-flex e-con-boxed elementor-invisible e-con e-parent\" data-id=\"7b0de6ee\" data-element_type=\"container\" data-e-type=\"container\" id=\"about\" data-settings=\"{&quot;animation&quot;:&quot;fadeIn&quot;}\">\n\t\t\t\t\t<div class=\"e-con-inner\">\n\t\t<div class=\"elementor-element elementor-element-1e3e862 e-con-full e-flex e-con e-child\" data-id=\"1e3e862\" data-element_type=\"container\" data-e-type=\"container\">\n\t\t\t\t<div class=\"elementor-element elementor-element-7354401a elementor-widget elementor-widget-heading\" data-id=\"7354401a\" data-element_type=\"widget\" data-e-type=\"widget\" data-widget_type=\"heading.default\">\n\t\t\t\t\t<h3 class=\"elementor-heading-title elementor-size-default\">PATRICIA LAIR<\/h3>\t\t\t\t<\/div>\n\t\t\t\t<div class=\"elementor-element elementor-element-56d40d88 elementor-widget elementor-widget-text-editor\" data-id=\"56d40d88\" data-element_type=\"widget\" data-e-type=\"widget\" data-widget_type=\"text-editor.default\">\n\t\t\t\t\t\t\t\t\t<div id=\"comp-kz9reje72\" class=\"s0rHfl\"><div id=\"text-content-comp-kz9reje72\" class=\"ku3DBC zQ9jDz comp-kz9reje72 wixui-rich-text\" data-testid=\"richTextElement\"><p class=\"font_8 wixui-rich-text__text\"><span class=\"wixui-rich-text__text\"><span class=\"color_15 wixui-rich-text__text\">Qui suis je?<\/span><\/span><\/p><\/div><\/div><div id=\"comp-kz9reje73\" class=\"s0rHfl\"><div id=\"text-content-comp-kz9reje73\" class=\"ku3DBC zQ9jDz comp-kz9reje73 wixui-rich-text\" data-testid=\"richTextElement\"><p class=\"font_8 wixui-rich-text__text\"><span class=\"wixui-rich-text__text\">Th\u00e9rapeute<\/span><\/p><p class=\"font_8 wixui-rich-text__text\"><span class=\"wixui-rich-text__text\">Coach personnel &amp; professionnel<\/span><\/p><p class=\"font_8 wixui-rich-text__text\"><span class=\"wixui-rich-text__text\">\u200b<\/span><\/p><p class=\"font_8 wixui-rich-text__text\"><span class=\"wixui-rich-text__text\">Formations et domaines de comp\u00e9tences<\/span><\/p><p class=\"font_8 wixui-rich-text__text\"><span class=\"wixui-rich-text__text\"><span class=\"wixGuard wixui-rich-text__text\">\u200b<\/span><\/span><\/p><p class=\"font_8 wixui-rich-text__text\"><span class=\"wixui-rich-text__text\">Th\u00e9rapies\u200b<\/span><\/p><ul class=\"font_8 wixui-rich-text__text\"><li class=\"wixui-rich-text__text\"><p class=\"font_8 wixui-rich-text__text\"><span class=\"wixui-rich-text__text\">Hypnose<\/span><\/p><\/li><li class=\"wixui-rich-text__text\"><p class=\"font_8 wixui-rich-text__text\"><span class=\"wixui-rich-text__text\">Bior\u00e9sonance<\/span><\/p><\/li><li class=\"wixui-rich-text__text\"><p class=\"font_8 wixui-rich-text__text\"><span class=\"wixui-rich-text__text\">Massages articulaires<\/span><\/p><\/li><li class=\"wixui-rich-text__text\"><p class=\"font_8 wixui-rich-text__text\"><span class=\"wixui-rich-text__text\">Points trigger<\/span><\/p><\/li><li class=\"wixui-rich-text__text\"><p class=\"font_8 wixui-rich-text__text\"><span class=\"wixui-rich-text__text\">R\u00e9flexologie visc\u00e9rale<\/span><\/p><\/li><li class=\"wixui-rich-text__text\"><p class=\"font_8 wixui-rich-text__text\"><span class=\"wixui-rich-text__text\">Pose ventouses selon la MTC<\/span><\/p><\/li><li class=\"wixui-rich-text__text\"><p class=\"font_8 wixui-rich-text__text\"><span class=\"wixui-rich-text__text\">Aromath\u00e9rapie<\/span><\/p><\/li><\/ul><p class=\"font_8 wixui-rich-text__text\"><span class=\"wixui-rich-text__text\">Coaching \u200b<\/span><\/p><ul class=\"font_8 wixui-rich-text__text\"><li class=\"wixui-rich-text__text\"><p class=\"font_8 wixui-rich-text__text\"><span class=\"wixui-rich-text__text\">Managment d&rsquo;entreprise<\/span><\/p><\/li><li class=\"wixui-rich-text__text\"><p class=\"font_8 wixui-rich-text__text\"><span class=\"wixui-rich-text__text\">Coaching personnel et professionnel<\/span><\/p><\/li><li class=\"wixui-rich-text__text\"><p class=\"font_8 wixui-rich-text__text\"><span class=\"wixui-rich-text__text\">Ma\u00eetre Praticienne Hypnose Ericksonienne et en programmation neuro-linguistique (PNL)<\/span><\/p><\/li><li class=\"wixui-rich-text__text\"><p class=\"font_8 wixui-rich-text__text\"><span class=\"wixui-rich-text__text\">Praticienne en Hypnose Elmanienne OMNI<\/span><\/p><\/li><\/ul><\/div><\/div>\t\t\t\t\t\t\t\t<\/div>\n\t\t\t\t<\/div>\n\t\t<div class=\"elementor-element elementor-element-47471b53 e-con-full e-flex e-con e-child\" data-id=\"47471b53\" data-element_type=\"container\" data-e-type=\"container\" data-settings=\"{&quot;background_background&quot;:&quot;classic&quot;}\">\n\t\t\t\t<\/div>\n\t\t\t\t\t<\/div>\n\t\t\t\t<\/div>\n\t\t<div class=\"elementor-element elementor-element-b28071b e-con-full animated-fast e-flex elementor-invisible e-con e-parent\" data-id=\"b28071b\" data-element_type=\"container\" data-e-type=\"container\" data-settings=\"{&quot;animation&quot;:&quot;fadeIn&quot;}\">\n\t\t\t\t<div class=\"elementor-element elementor-element-9185bc0 elementor-widget elementor-widget-heading\" data-id=\"9185bc0\" data-element_type=\"widget\" data-e-type=\"widget\" data-widget_type=\"heading.default\">\n\t\t\t\t\t<h3 class=\"elementor-heading-title elementor-size-default\"><p><span style=\"color: #999999\">PREST<\/span>ATIONS<\/p><\/h3>\t\t\t\t<\/div>\n\t\t\t\t<div class=\"elementor-element elementor-element-0c08775 elementor-widget elementor-widget-text-editor\" data-id=\"0c08775\" data-element_type=\"widget\" data-e-type=\"widget\" data-widget_type=\"text-editor.default\">\n\t\t\t\t\t\t\t\t\t<p><span class=\"wixui-rich-text__text\"><span class=\"color_15 wixui-rich-text__text\">Depuis 2006, Alternativ-Th\u00e9rapies propose des prestations personnalis\u00e9es, destin\u00e9es \u00e0 vous aider \u00e0 mener une vie \u00e9quilibr\u00e9e et harmonieuse.\u00a0<\/span><\/span><\/p>\t\t\t\t\t\t\t\t<\/div>\n\t\t\t\t<\/div>\n\t\t<div class=\"elementor-element elementor-element-d5549b9 e-flex e-con-boxed e-con e-parent\" data-id=\"d5549b9\" data-element_type=\"container\" data-e-type=\"container\">\n\t\t\t\t\t<div class=\"e-con-inner\">\n\t\t\t\t<div class=\"elementor-element elementor-element-91a61d5 elementor-widget elementor-widget-image-gallery\" data-id=\"91a61d5\" data-element_type=\"widget\" data-e-type=\"widget\" data-widget_type=\"image-gallery.default\">\n\t\t\t\t\t\t\t<div class=\"elementor-image-gallery\">\n\t\t\t<div id='gallery-1' class='gallery galleryid-87 gallery-columns-3 gallery-size-large'><figure class='gallery-item'>\n\t\t\t<div class='gallery-icon landscape'>\n\t\t\t\t<a data-elementor-open-lightbox=\"yes\" data-elementor-lightbox-slideshow=\"91a61d5\" data-elementor-lightbox-title=\"8ecb11_cdd57b16f3794beb9a4e4b8b0f2b4be5~mv2\" data-e-action-hash=\"#elementor-action%3Aaction%3Dlightbox%26settings%3DeyJpZCI6NzksInVybCI6Imh0dHBzOlwvXC9hbHRlcm5hdGl2LXRoZXJhcGllcy5jaFwvd3AtY29udGVudFwvdXBsb2Fkc1wvMjAyNlwvMDRcLzhlY2IxMV9jZGQ1N2IxNmYzNzk0YmViOWE0ZTRiOGIwZjJiNGJlNW12Mi5qcGciLCJzbGlkZXNob3ciOiI5MWE2MWQ1In0%3D\" href='https:\/\/alternativ-therapies.ch\/wp-content\/uploads\/2026\/04\/8ecb11_cdd57b16f3794beb9a4e4b8b0f2b4be5mv2.jpg'><img decoding=\"async\" width=\"800\" height=\"534\" src=\"https:\/\/alternativ-therapies.ch\/wp-content\/uploads\/2026\/04\/8ecb11_cdd57b16f3794beb9a4e4b8b0f2b4be5mv2.jpg\" class=\"attachment-large size-large\" alt=\"\" srcset=\"https:\/\/alternativ-therapies.ch\/wp-content\/uploads\/2026\/04\/8ecb11_cdd57b16f3794beb9a4e4b8b0f2b4be5mv2.jpg 862w, https:\/\/alternativ-therapies.ch\/wp-content\/uploads\/2026\/04\/8ecb11_cdd57b16f3794beb9a4e4b8b0f2b4be5mv2-300x200.jpg 300w, https:\/\/alternativ-therapies.ch\/wp-content\/uploads\/2026\/04\/8ecb11_cdd57b16f3794beb9a4e4b8b0f2b4be5mv2-768x512.jpg 768w\" sizes=\"(max-width: 800px) 100vw, 800px\" \/><\/a>\n\t\t\t<\/div><\/figure><figure class='gallery-item'>\n\t\t\t<div class='gallery-icon landscape'>\n\t\t\t\t<a data-elementor-open-lightbox=\"yes\" data-elementor-lightbox-slideshow=\"91a61d5\" data-elementor-lightbox-title=\"6a40a38e7f304bbfb2c943800dbb89db\" data-e-action-hash=\"#elementor-action%3Aaction%3Dlightbox%26settings%3DeyJpZCI6NzgsInVybCI6Imh0dHBzOlwvXC9hbHRlcm5hdGl2LXRoZXJhcGllcy5jaFwvd3AtY29udGVudFwvdXBsb2Fkc1wvMjAyNlwvMDRcLzZhNDBhMzhlN2YzMDRiYmZiMmM5NDM4MDBkYmI4OWRiLmpwZyIsInNsaWRlc2hvdyI6IjkxYTYxZDUifQ%3D%3D\" href='https:\/\/alternativ-therapies.ch\/wp-content\/uploads\/2026\/04\/6a40a38e7f304bbfb2c943800dbb89db.jpg'><img decoding=\"async\" width=\"800\" height=\"534\" src=\"https:\/\/alternativ-therapies.ch\/wp-content\/uploads\/2026\/04\/6a40a38e7f304bbfb2c943800dbb89db.jpg\" class=\"attachment-large size-large\" alt=\"\" srcset=\"https:\/\/alternativ-therapies.ch\/wp-content\/uploads\/2026\/04\/6a40a38e7f304bbfb2c943800dbb89db.jpg 862w, https:\/\/alternativ-therapies.ch\/wp-content\/uploads\/2026\/04\/6a40a38e7f304bbfb2c943800dbb89db-300x200.jpg 300w, https:\/\/alternativ-therapies.ch\/wp-content\/uploads\/2026\/04\/6a40a38e7f304bbfb2c943800dbb89db-768x512.jpg 768w\" sizes=\"(max-width: 800px) 100vw, 800px\" \/><\/a>\n\t\t\t<\/div><\/figure><figure class='gallery-item'>\n\t\t\t<div class='gallery-icon landscape'>\n\t\t\t\t<a data-elementor-open-lightbox=\"yes\" data-elementor-lightbox-slideshow=\"91a61d5\" data-elementor-lightbox-title=\"8ecb11_df256e5766f7489e9250eb5bd0503e6d~mv2\" data-e-action-hash=\"#elementor-action%3Aaction%3Dlightbox%26settings%3DeyJpZCI6ODAsInVybCI6Imh0dHBzOlwvXC9hbHRlcm5hdGl2LXRoZXJhcGllcy5jaFwvd3AtY29udGVudFwvdXBsb2Fkc1wvMjAyNlwvMDRcLzhlY2IxMV9kZjI1NmU1NzY2Zjc0ODllOTI1MGViNWJkMDUwM2U2ZG12Mi5qcGciLCJzbGlkZXNob3ciOiI5MWE2MWQ1In0%3D\" href='https:\/\/alternativ-therapies.ch\/wp-content\/uploads\/2026\/04\/8ecb11_df256e5766f7489e9250eb5bd0503e6dmv2.jpg'><img loading=\"lazy\" decoding=\"async\" width=\"800\" height=\"534\" src=\"https:\/\/alternativ-therapies.ch\/wp-content\/uploads\/2026\/04\/8ecb11_df256e5766f7489e9250eb5bd0503e6dmv2.jpg\" class=\"attachment-large size-large\" alt=\"\" srcset=\"https:\/\/alternativ-therapies.ch\/wp-content\/uploads\/2026\/04\/8ecb11_df256e5766f7489e9250eb5bd0503e6dmv2.jpg 862w, https:\/\/alternativ-therapies.ch\/wp-content\/uploads\/2026\/04\/8ecb11_df256e5766f7489e9250eb5bd0503e6dmv2-300x200.jpg 300w, https:\/\/alternativ-therapies.ch\/wp-content\/uploads\/2026\/04\/8ecb11_df256e5766f7489e9250eb5bd0503e6dmv2-768x512.jpg 768w\" sizes=\"(max-width: 800px) 100vw, 800px\" \/><\/a>\n\t\t\t<\/div><\/figure>\n\t\t<\/div>\n\t\t<\/div>\n\t\t\t\t\t\t<\/div>\n\t\t\t\t\t<\/div>\n\t\t\t\t<\/div>\n\t\t<div class=\"elementor-element elementor-element-29cebfab animated-fast e-flex e-con-boxed elementor-invisible e-con e-parent\" data-id=\"29cebfab\" data-element_type=\"container\" data-e-type=\"container\" id=\"contact\" data-settings=\"{&quot;animation&quot;:&quot;fadeIn&quot;,&quot;background_background&quot;:&quot;classic&quot;}\">\n\t\t\t\t\t<div class=\"e-con-inner\">\n\t\t<div class=\"elementor-element elementor-element-39e81924 e-con-full e-flex e-con e-child\" data-id=\"39e81924\" data-element_type=\"container\" data-e-type=\"container\">\n\t\t\t\t<div class=\"elementor-element elementor-element-f51f81e elementor-widget elementor-widget-heading\" data-id=\"f51f81e\" data-element_type=\"widget\" data-e-type=\"widget\" data-widget_type=\"heading.default\">\n\t\t\t\t\t<h3 class=\"elementor-heading-title elementor-size-default\"><p><span style=\"color: #999999\">EN SAVOIR <\/span>PLUS<\/p><\/h3>\t\t\t\t<\/div>\n\t\t\t\t<div class=\"elementor-element elementor-element-96587b1 elementor-widget elementor-widget-text-editor\" data-id=\"96587b1\" data-element_type=\"widget\" data-e-type=\"widget\" data-widget_type=\"text-editor.default\">\n\t\t\t\t\t\t\t\t\t<div id=\"comp-kz9jtdp93\" class=\"s0rHfl\"><div id=\"text-content-comp-kz9jtdp93\" class=\"ku3DBC zQ9jDz comp-kz9jtdp93 wixui-rich-text\" data-testid=\"richTextElement\"><p class=\"font_9 wixui-rich-text__text\"><span class=\"wixui-rich-text__text\"><span class=\"color_15 wixui-rich-text__text\">Grand rue 39, 2035 Corcelles<\/span><\/span><\/p><\/div><\/div><div id=\"comp-kz9jtdp92\" class=\"s0rHfl\"><div id=\"text-content-comp-kz9jtdp92\" class=\"ku3DBC zQ9jDz comp-kz9jtdp92 wixui-rich-text\" data-testid=\"richTextElement\"><p class=\"font_9 wixui-rich-text__text\"><span class=\"wixui-rich-text__text\"><span class=\"color_15 wixui-rich-text__text\">Info@alternativ-therapies.ch<\/span><\/span><\/p><\/div><\/div><div id=\"comp-kz9jtdp95\" class=\"s0rHfl\"><div id=\"text-content-comp-kz9jtdp95\" class=\"ku3DBC zQ9jDz comp-kz9jtdp95 wixui-rich-text\" data-testid=\"richTextElement\"><p class=\"font_9 wixui-rich-text__text\"><span class=\"wixui-rich-text__text\"><span class=\"color_15 wixui-rich-text__text\">079 647 96 58<\/span><\/span><\/p><\/div><\/div>\t\t\t\t\t\t\t\t<\/div>\n\t\t\t\t<\/div>\n\t\t<div class=\"elementor-element elementor-element-37e90f61 e-con-full e-flex e-con e-child\" data-id=\"37e90f61\" data-element_type=\"container\" data-e-type=\"container\">\n\t\t\t\t<div class=\"elementor-element elementor-element-3b78191c elementor-widget elementor-widget-ehp-form\" data-id=\"3b78191c\" data-element_type=\"widget\" data-e-type=\"widget\" data-settings=\"{&quot;button_shape&quot;:&quot;sharp&quot;,&quot;layout_preset&quot;:&quot;quick-connect&quot;,&quot;button_width&quot;:&quot;100&quot;,&quot;box_shape&quot;:&quot;sharp&quot;}\" data-widget_type=\"ehp-form.default\">\n\t\t\t\t<div class=\"elementor-widget-container\">\n\t\t\t\t\t\t\t<form class=\"has-shape-sharp shape-type-box ehp-form has-layout-preset-quick-connect\" name=\"New Form\" method=\"post\" id=\"\">\n\t\t\t\t\t<div class=\"ehp-form__text-container\">\n\t\t\t\t\t<\/div>\n\t\t\t\t\t<input type=\"hidden\" name=\"post_id\" value=\"87\"\/>\n\t\t\t<input type=\"hidden\" name=\"form_id\" value=\"3b78191c\"\/>\n\t\t\t<input type=\"hidden\" name=\"referer_title\" value=\"\"\/>\n\n\t\t\t\t\t\t\t<input type=\"hidden\" name=\"queried_id\" value=\"87\"\/>\n\t\t\t\n\t\t\t<div class=\"ehp-form__content\">\n\t\t\t\t\t\t\t\t<div class=\"ehp-form__wrapper\">\n\t\t\t\t\t\t\t\t\t\t\t<div class=\"ehp-form__field-group is-field-type-text is-field-group-name has-width-50 has-width-md-100 has-width-sm-100 is-field-required has-border has-shape-sharp\">\n\t\t\t\t\t\t\t\t\t\t\t\t\t\t\t<label for=\"form-field-name\" class=\"ehp-form__field-label elementor-screen-only\">\n\t\t\t\t\t\t\t\t\tNom\t\t\t\t\t\t\t\t<\/label>\n\t\t\t\t\t\t\t\t\t\t\t\t\t\t\t\t\t<input size=\"1\" type=\"text\" name=\"form_fields[name]\" id=\"form-field-name\" class=\"ehp-form__field elementor-size-sm  elementor-field-textual\" placeholder=\"Nom\" required=\"required\" aria-required=\"true\">\n\t\t\t\t\t\t\t\t\t\t\t\t\t\t\t<\/div>\n\t\t\t\t\t\t\t\t\t\t\t<div class=\"ehp-form__field-group is-field-type-ehp-tel is-field-group-name has-width-50 has-width-md-100 has-width-sm-100 is-field-required has-border has-shape-sharp\">\n\t\t\t\t\t\t\t\t\t\t\t\t\t\t\t<label for=\"form-field-name\" class=\"ehp-form__field-label elementor-screen-only\">\n\t\t\t\t\t\t\t\t\tT\u00e9l\u00e9phone\t\t\t\t\t\t\t\t<\/label>\n\t\t\t\t\t\t\t\t\t\t<input size=\"1\" type=\"ehp-tel\" name=\"form_fields[name]\" id=\"form-field-name\" class=\"ehp-form__field elementor-size-sm  elementor-field-textual\" placeholder=\"T\u00e9l\u00e9phone\" required=\"required\" aria-required=\"true\" pattern=\"[0-9()#&amp;+*\\-=.]+\" title=\"Seuls les chiffres et caract\u00e8res de t\u00e9l\u00e9phone (#, -, *, etc.) sont accept\u00e9s.\">\n\n\t\t\t\t\t\t\t\t<\/div>\n\t\t\t\t\t\t\t\t\t\t\t<div class=\"ehp-form__field-group is-field-type-text is-field-group-name has-width-50 has-width-md-100 has-width-sm-100 is-field-required has-border has-shape-sharp\">\n\t\t\t\t\t\t\t\t\t\t\t\t\t\t\t<label for=\"form-field-name\" class=\"ehp-form__field-label elementor-screen-only\">\n\t\t\t\t\t\t\t\t\tAdresse\t\t\t\t\t\t\t\t<\/label>\n\t\t\t\t\t\t\t\t\t\t\t\t\t\t\t\t\t<input size=\"1\" type=\"text\" name=\"form_fields[name]\" id=\"form-field-name\" class=\"ehp-form__field elementor-size-sm  elementor-field-textual\" placeholder=\"Adresse\" required=\"required\" aria-required=\"true\">\n\t\t\t\t\t\t\t\t\t\t\t\t\t\t\t<\/div>\n\t\t\t\t\t\t\t\t\t\t\t<div class=\"ehp-form__field-group is-field-type-email is-field-group-email has-width-50 has-width-md-100 has-width-sm-100 is-field-required has-border has-shape-sharp\">\n\t\t\t\t\t\t\t\t\t\t\t\t\t\t\t<label for=\"form-field-email\" class=\"ehp-form__field-label elementor-screen-only\">\n\t\t\t\t\t\t\t\t\tE-mail\t\t\t\t\t\t\t\t<\/label>\n\t\t\t\t\t\t\t\t\t\t\t\t\t\t\t\t\t<input size=\"1\" type=\"email\" name=\"form_fields[email]\" id=\"form-field-email\" class=\"ehp-form__field elementor-size-sm  elementor-field-textual\" placeholder=\"E-mail\" required=\"required\" aria-required=\"true\">\n\t\t\t\t\t\t\t\t\t\t\t\t\t\t\t<\/div>\n\t\t\t\t\t\t\t\t\t\t\t<div class=\"ehp-form__field-group is-field-type-text is-field-group-name has-width-100 has-width-md-100 has-width-sm-100 is-field-required has-border has-shape-sharp\">\n\t\t\t\t\t\t\t\t\t\t\t\t\t\t\t<label for=\"form-field-name\" class=\"ehp-form__field-label elementor-screen-only\">\n\t\t\t\t\t\t\t\t\tObjet\t\t\t\t\t\t\t\t<\/label>\n\t\t\t\t\t\t\t\t\t\t\t\t\t\t\t\t\t<input size=\"1\" type=\"text\" name=\"form_fields[name]\" id=\"form-field-name\" class=\"ehp-form__field elementor-size-sm  elementor-field-textual\" placeholder=\"Objet\" required=\"required\" aria-required=\"true\">\n\t\t\t\t\t\t\t\t\t\t\t\t\t\t\t<\/div>\n\t\t\t\t\t\t\t\t\t\t\t<div class=\"ehp-form__field-group is-field-type-textarea is-field-group-message has-width-100 has-width-md-100 has-width-sm-100 is-field-required has-border has-shape-sharp\">\n\t\t\t\t\t\t\t\t\t\t\t\t\t\t\t<label for=\"form-field-message\" class=\"ehp-form__field-label elementor-screen-only\">\n\t\t\t\t\t\t\t\t\tMessage\t\t\t\t\t\t\t\t<\/label>\n\t\t\t\t\t\t\t\t<textarea class=\"elementor-field-textual ehp-form__field eph-form__textarea  elementor-size-sm\" name=\"form_fields[message]\" id=\"form-field-message\" rows=\"4\" placeholder=\"Message\" required=\"required\"><\/textarea>\t\t\t\t\t\t<\/div>\n\t\t\t\t\t\t\t\t\t\t\t\t<div class=\"ehp-form__submit-group has-width-100\">\n\t\t\t<button class=\"has-shape-sharp shape-type-button ehp-form__button is-type-button elementor-animation-shrink\" type=\"submit\">\n\t\t\t\t\t\t\t\t\t\t\t\t\t\n\t\t\t\t\t\t\t\t\t<span class=\"ehp-form__button-text\">Envoyer<\/span>\n\t\t\t\t\t\t\t<\/button>\n\t\t<\/div>\n\t\t\t\t\t\t<\/div>\n\t\t\t<\/div>\n\t\t\t<div class=\"ehp-form__overlay\"><\/div>\n\t\t<\/form>\n\t\t\t\t\t\t<\/div>\n\t\t\t\t<\/div>\n\t\t\t\t<\/div>\n\t\t\t\t\t<\/div>\n\t\t\t\t<\/div>\n\t\t\t\t<\/div>\n\t\t","protected":false},"excerpt":{"rendered":"<p>ESPACE TH&Eacute;RAPIES ESPACE COACHING PATRICIA LAIR Qui suis je? Th\u00e9rapeute Coach personnel &amp; professionnel \u200b Formations et domaines de comp\u00e9tences \u200b Th\u00e9rapies\u200b Hypnose Bior\u00e9sonance Massages articulaires Points trigger R\u00e9flexologie visc\u00e9rale Pose ventouses selon la MTC Aromath\u00e9rapie Coaching \u200b Managment d&rsquo;entreprise Coaching personnel et professionnel Ma\u00eetre Praticienne Hypnose Ericksonienne et en programmation neuro-linguistique (PNL) Praticienne en [&hellip;]<\/p>\n","protected":false},"author":1,"featured_media":0,"parent":0,"menu_order":0,"comment_status":"closed","ping_status":"closed","template":"elementor_header_footer","meta":{"footnotes":""},"class_list":["post-87","page","type-page","status-publish","hentry"],"_links":{"self":[{"href":"https:\/\/alternativ-therapies.ch\/index.php\/wp-json\/wp\/v2\/pages\/87","targetHints":{"allow":["GET"]}}],"collection":[{"href":"https:\/\/alternativ-therapies.ch\/index.php\/wp-json\/wp\/v2\/pages"}],"about":[{"href":"https:\/\/alternativ-therapies.ch\/index.php\/wp-json\/wp\/v2\/types\/page"}],"author":[{"embeddable":true,"href":"https:\/\/alternativ-therapies.ch\/index.php\/wp-json\/wp\/v2\/users\/1"}],"replies":[{"embeddable":true,"href":"https:\/\/alternativ-therapies.ch\/index.php\/wp-json\/wp\/v2\/comments?post=87"}],"version-history":[{"count":20,"href":"https:\/\/alternativ-therapies.ch\/index.php\/wp-json\/wp\/v2\/pages\/87\/revisions"}],"predecessor-version":[{"id":184,"href":"https:\/\/alternativ-therapies.ch\/index.php\/wp-json\/wp\/v2\/pages\/87\/revisions\/184"}],"wp:attachment":[{"href":"https:\/\/alternativ-therapies.ch\/index.php\/wp-json\/wp\/v2\/media?parent=87"}],"curies":[{"name":"wp","href":"https:\/\/api.w.org\/{rel}","templated":true}]}}